{"id":2,"date":"2025-02-20T10:16:03","date_gmt":"2025-02-20T10:16:03","guid":{"rendered":"https:\/\/zerap-germany.de\/?page_id=2"},"modified":"2026-03-11T12:57:26","modified_gmt":"2026-03-11T12:57:26","slug":"forumsteinhoefel","status":"publish","type":"page","link":"https:\/\/zerap-germany.de\/index.php\/forumsteinhoefel\/","title":{"rendered":"Forum Steinh\u00f6fel"},"content":{"rendered":"<div  class='flex_column av-dea-e3315f362040c4ccc16854b702cb54bc av_one_full  avia-builder-el-0  el_before_av_slideshow_full  avia-builder-el-no-sibling  first flex_column_div  '     ><style type=\"text\/css\" data-created_by=\"avia_inline_auto\" id=\"style-css-av-m7p1e3w5-c28c56651a4af073905fbed7f4cdf008\">\n#top .av-special-heading.av-m7p1e3w5-c28c56651a4af073905fbed7f4cdf008{\npadding-bottom:10px;\n}\nbody .av-special-heading.av-m7p1e3w5-c28c56651a4af073905fbed7f4cdf008 .av-special-heading-tag .heading-char{\nfont-size:25px;\n}\n.av-special-heading.av-m7p1e3w5-c28c56651a4af073905fbed7f4cdf008 .av-subheading{\nfont-size:15px;\n}\n<\/style>\n<div  class='av-special-heading av-m7p1e3w5-c28c56651a4af073905fbed7f4cdf008 av-special-heading-h1 blockquote modern-quote  avia-builder-el-1  avia-builder-el-no-sibling '><h1 class='av-special-heading-tag '  itemprop=\"headline\"  >Forum  <u>Steinh\u00f6fel<\/u><\/h1><div class='av-subheading av-subheading_below'><p>Ein Ort des Austauschs und der Begegnung<\/p>\n<\/div><div class=\"special-heading-border\"><div class=\"special-heading-inner-border\"><\/div><\/div><\/div><\/div><\/div><\/div><\/div><!-- close content main div --><\/div><\/div><div id='full_slider_1'  class='avia-fullwidth-slider main_color avia-shadow   avia-builder-el-2  el_after_av_one_full  el_before_av_textblock   slider-not-first container_wrap sidebar_right'  ><div  class='avia-slideshow av-m7p1lwp7-b62666bfe9c94b0109d57ab244cf27df avia-slideshow-featured av_slideshow_full avia-slide-slider av-slideshow-ui av-control-default av-slideshow-manual av-loop-once av-loop-manual-endless av-default-height-applied   avia-slideshow-1' data-slideshow-options=\"{&quot;animation&quot;:&quot;slide&quot;,&quot;autoplay&quot;:false,&quot;loop_autoplay&quot;:&quot;once&quot;,&quot;interval&quot;:5,&quot;loop_manual&quot;:&quot;manual-endless&quot;,&quot;autoplay_stopper&quot;:false,&quot;noNavigation&quot;:false,&quot;bg_slider&quot;:false,&quot;keep_padding&quot;:false,&quot;hoverpause&quot;:false,&quot;show_slide_delay&quot;:0}\"  itemprop=\"image\" itemscope=\"itemscope\" itemtype=\"https:\/\/schema.org\/ImageObject\" ><ul class='avia-slideshow-inner ' style='padding-bottom: 29.614325068871%;'><li  class='avia-slideshow-slide av-m7p1lwp7-b62666bfe9c94b0109d57ab244cf27df__0  slide-1 slide-odd'><div data-rel='slideshow-1' class='avia-slide-wrap '   ><img decoding=\"async\" fetchpriority=\"high\" class=\"wp-image-2378 avia-img-lazy-loading-not-2378\"  src=\"https:\/\/zerap-germany.de\/wp-content\/uploads\/2025\/02\/20241203_115828-1452x430.jpg\" width=\"1452\" height=\"430\" title='20241203_115828' alt=''  itemprop=\"thumbnailUrl\"   \/><\/div><\/li><li  class='avia-slideshow-slide av-m7p1lwp7-b62666bfe9c94b0109d57ab244cf27df__1  slide-2 slide-even'><div data-rel='slideshow-1' class='avia-slide-wrap '   ><img decoding=\"async\" fetchpriority=\"high\" class=\"wp-image-2379 avia-img-lazy-loading-not-2379\"  src=\"https:\/\/zerap-germany.de\/wp-content\/uploads\/2025\/02\/20241203_120122-1500x430.jpg\" width=\"1500\" height=\"430\" title='20241203_120122' alt=''  itemprop=\"thumbnailUrl\"   \/><\/div><\/li><li  class='avia-slideshow-slide av-m7p1lwp7-b62666bfe9c94b0109d57ab244cf27df__2  slide-3 slide-odd'><div data-rel='slideshow-1' class='avia-slide-wrap '   ><img decoding=\"async\" fetchpriority=\"high\" class=\"wp-image-2380 avia-img-lazy-loading-not-2380\"  src=\"https:\/\/zerap-germany.de\/wp-content\/uploads\/2025\/02\/20241203_120646-1500x430.jpg\" width=\"1500\" height=\"430\" title='20241203_120646' alt=''  itemprop=\"thumbnailUrl\"   \/><\/div><\/li><li  class='avia-slideshow-slide av-m7p1lwp7-b62666bfe9c94b0109d57ab244cf27df__3  slide-4 slide-even'><div data-rel='slideshow-1' class='avia-slide-wrap '   ><img decoding=\"async\" fetchpriority=\"high\" class=\"wp-image-2381 avia-img-lazy-loading-not-2381\"  src=\"https:\/\/zerap-germany.de\/wp-content\/uploads\/2025\/02\/20241203_122445-1500x430.jpg\" width=\"1500\" height=\"430\" title='20241203_122445' alt=''  itemprop=\"thumbnailUrl\"   \/><\/div><\/li><\/ul><div class='avia-slideshow-arrows avia-slideshow-controls' ><a href='#prev' class='prev-slide ' aria-hidden='true' data-av_icon='\ue87c' data-av_iconfont='entypo-fontello'  tabindex='-1'>Zur\u00fcck<\/a><a href='#next' class='next-slide ' aria-hidden='true' data-av_icon='\ue87d' data-av_iconfont='entypo-fontello'  tabindex='-1'>Weiter<\/a><\/div><div class='avia-slideshow-dots avia-slideshow-controls'><a href='#1' class='goto-slide active' >1<\/a><a href='#2' class='goto-slide ' >2<\/a><a href='#3' class='goto-slide ' >3<\/a><a href='#4' class='goto-slide ' >4<\/a><\/div><\/div><\/div><div id='after_full_slider_1'  class='main_color av_default_container_wrap container_wrap sidebar_right'  ><div class='container av-section-cont-open' ><div class='template-page content  av-content-small alpha units'><div class='post-entry post-entry-type-page post-entry-2'><div class='entry-content-wrapper clearfix'><\/p>\n<section  class='av_textblock_section av-m7p1ehbs-60357fcfdea75f5c71162af135cb6058 '   itemscope=\"itemscope\" itemtype=\"https:\/\/schema.org\/CreativeWork\" ><div class='avia_textblock'  itemprop=\"text\" ><p data-start=\"306\" data-end=\"619\">Das Forum Steinh\u00f6fel dient als lebendiger Treffpunkt f\u00fcr Menschen, die sich f\u00fcr nachhaltige Regionalentwicklung und gemeinschaftliches Engagement interessieren. Inspiriert von den Erfahrungen der Initiative \u201eD\u00f6rfer im Aufbruch\u201c setzen wir hier praxisnah um, was wir von anderen lernenden D\u00f6rfern \u00fcbernommen haben.<\/p>\n<p data-start=\"621\" data-end=\"760\">Unser Ziel ist es, den Dialog zwischen verschiedenen Akteuren zu f\u00f6rdern und gemeinsam L\u00f6sungen f\u00fcr lokale Herausforderungen zu entwickeln.<\/p>\n<p data-start=\"762\" data-end=\"1140\">Im Forum Steinh\u00f6fel bieten wir regelm\u00e4\u00dfig Veranstaltungen wie Workshops, Diskussionsrunden und Netzwerktreffen an. Diese Formate erm\u00f6glichen es den Teilnehmenden, Wissen auszutauschen, neue Ideen zu entwickeln und Kooperationen zu initiieren. Besonderen Wert legen wir dabei auf die Einbindung aller Generationen, um einen vielf\u00e4ltigen und inklusiven Austausch zu gew\u00e4hrleisten.<\/p>\n<p data-start=\"1142\" data-end=\"1499\">Ein zentrales Element des Forums ist die F\u00f6rderung von B\u00fcrgerbeteiligung. Wir unterst\u00fctzen lokale Initiativen dabei, eigene Projekte zu realisieren und bieten Plattformen f\u00fcr den Austausch von Best-Practice-Beispielen. Durch diese Aktivit\u00e4ten tragen wir dazu bei, die Lebensqualit\u00e4t in der Region zu steigern und nachhaltige Entwicklungsprozesse anzusto\u00dfen.<\/p>\n<p data-start=\"1501\" data-end=\"1741\">Ein weiterer Schwerpunkt ist der <strong data-start=\"1534\" data-end=\"1603\">Bereich Kultur als Ort der Begegnung und des gemeinsamen Erlebens<\/strong>. Kultur schafft R\u00e4ume, in denen Menschen miteinander ins Gespr\u00e4ch kommen, Perspektiven austauschen und regionale Identit\u00e4t sichtbar wird.<\/p>\n<p data-start=\"1743\" data-end=\"2122\">Aus diesem Gedanken heraus ist in Kooperation mit dem <strong data-start=\"1797\" data-end=\"1828\">Thierbachshof in Steinh\u00f6fel<\/strong> die <strong data-start=\"1833\" data-end=\"1860\">Kultursaison Steinh\u00f6fel<\/strong> entstanden. Seit mehreren Jahren finden dort Veranstaltungen statt, die Kultur und Begegnungen auf niedrigschwellige Weise ins Dorf bringen.<\/p>\n<p data-start=\"2124\" data-end=\"2461\">Die Veranstaltungen verstehen sich bewusst nicht als klassische Kulturreihe mit gro\u00dfer B\u00fchne, sondern als offene Formate, bei denen Begegnung, Austausch und gemeinsames Erleben im Mittelpunkt stehen. Sie kn\u00fcpfen damit an den Grundgedanken des Forums an: Menschen zusammenzubringen und neue Impulse f\u00fcr das Leben auf dem Land zu schaffen.<\/p>\n<p data-start=\"2463\" data-end=\"2679\">Durch diese Verbindung von Dialog, B\u00fcrgerengagement und kulturellen Angeboten entwickelt sich das Forum Steinh\u00f6fel zu einem Ort, an dem Ideen entstehen, Netzwerke wachsen und gemeinschaftliches Handeln sichtbar wird.<\/p>\n<\/div><\/section>\n","protected":false},"excerpt":{"rendered":"","protected":false},"author":1,"featured_media":0,"parent":0,"menu_order":0,"comment_status":"closed","ping_status":"open","template":"","meta":{"footnotes":""},"class_list":["post-2","page","type-page","status-publish","hentry"],"_links":{"self":[{"href":"https:\/\/zerap-germany.de\/index.php\/wp-json\/wp\/v2\/pages\/2","targetHints":{"allow":["GET"]}}],"collection":[{"href":"https:\/\/zerap-germany.de\/index.php\/wp-json\/wp\/v2\/pages"}],"about":[{"href":"https:\/\/zerap-germany.de\/index.php\/wp-json\/wp\/v2\/types\/page"}],"author":[{"embeddable":true,"href":"https:\/\/zerap-germany.de\/index.php\/wp-json\/wp\/v2\/users\/1"}],"replies":[{"embeddable":true,"href":"https:\/\/zerap-germany.de\/index.php\/wp-json\/wp\/v2\/comments?post=2"}],"version-history":[{"count":10,"href":"https:\/\/zerap-germany.de\/index.php\/wp-json\/wp\/v2\/pages\/2\/revisions"}],"predecessor-version":[{"id":2521,"href":"https:\/\/zerap-germany.de\/index.php\/wp-json\/wp\/v2\/pages\/2\/revisions\/2521"}],"wp:attachment":[{"href":"https:\/\/zerap-germany.de\/index.php\/wp-json\/wp\/v2\/media?parent=2"}],"curies":[{"name":"wp","href":"https:\/\/api.w.org\/{rel}","templated":true}]}}